{"id":79,"date":"2019-05-22T17:32:12","date_gmt":"2019-05-22T17:32:12","guid":{"rendered":"http:\/\/polnisch-deutsch-translation.de\/?page_id=79"},"modified":"2024-03-24T22:10:29","modified_gmt":"2024-03-24T22:10:29","slug":"kontakt","status":"publish","type":"page","link":"https:\/\/polnisch-deutsch-translation.de\/de\/kontakt\/","title":{"rendered":"Kontakt"},"content":{"rendered":"\n<p class=\"has-medium-font-size\"><strong>Ich<\/strong> <strong>stehe Ihnen von Montag bis Freitag von 8:00 bis 17:00 zur Verf\u00fcgung. Bei dringenden Anfragen auch au\u00dferhalb dieser Zeiten. Ich erstelle Ihnen gerne ein unverbindliches Angebot. <\/strong><\/p>\n\n\n\n<p class=\"has-medium-font-size\">Termine im B\u00fcro nach Vereinbarung.<\/p>\n\n\n<p><!--StartFragment--><\/p>\n\n\n<p><\/p>\n\n\n\n<p class=\"has-text-align-left has-medium-font-size\"><strong>Tomasz Sromicki M.A.<\/strong><\/p>\n\n\n\n<p class=\"has-medium-font-size\">Lindenstr. 19<\/p>\n\n\n\n<p class=\"has-medium-font-size\">64572 B\u00fcttelborn<\/p>\n\n\n\n<p class=\"has-medium-font-size\">Telefon: +49 6152 855 8223 <\/p>\n\n\n\n<p class=\"has-medium-font-size\">Mobil: +49 179 822 35 46<\/p>\n\n\n\n<p class=\"has-medium-font-size\">E-Mail: <a href=\"mailto:info@polnisch-deutsch-translation.de\">info@polnisch-deutsch-translation.de<\/a><\/p>\n","protected":false},"excerpt":{"rendered":"<p>Ich stehe Ihnen von Montag bis Freitag von 8:00 bis 17:00 zur Verf\u00fcgung. Bei dringenden Anfragen auch au\u00dferhalb dieser Zeiten. Ich erstelle Ihnen gerne ein unverbindliches Angebot. Termine im B\u00fcro nach Vereinbarung. Tomasz Sromicki M.A. Lindenstr. 19 64572 B\u00fcttelborn Telefon: +49 6152 855 8223 Mobil: +49 179 822 35 46 E-Mail: info@polnisch-deutsch-translation.de<\/p>\n","protected":false},"author":1,"featured_media":0,"parent":0,"menu_order":4,"comment_status":"closed","ping_status":"closed","template":"","meta":{"footnotes":""},"class_list":["post-79","page","type-page","status-publish","hentry","entry"],"yoast_head":"<!-- This site is optimized with the Yoast SEO plugin v23.6 - https:\/\/yoast.com\/wordpress\/plugins\/seo\/ -->\n<title>Kontakt - Sromicki \u00dcbersetzungen Polnisch Deutsch<\/title>\n<meta name=\"description\" content=\"Willkommen bei Tomasz Sromicki, Ihrem erfahrenen staatlich gepr\u00fcften und gerichtlich beeidigten \u00dcbersetzer f\u00fcr Polnisch. Erhalten Sie schnelle und professionelle \u00dcbersetzungsdienste f\u00fcr eine Vielzahl von Fachgebieten. Vertrauen Sie auf pr\u00e4zise und zuverl\u00e4ssige \u00dcbersetzungen f\u00fcr rechtliche Dokumente, technische Handb\u00fccher und mehr. Kontaktieren Sie uns noch heute f\u00fcr erstklassigen Service und ma\u00dfgeschneiderte L\u00f6sungen f\u00fcr Ihre \u00dcbersetzungsanforderungen.\" \/>\n<meta name=\"robots\" content=\"index, follow, max-snippet:-1, max-image-preview:large, max-video-preview:-1\" \/>\n<link rel=\"canonical\" href=\"https:\/\/polnisch-deutsch-translation.de\/de\/kontakt\/\" \/>\n<meta property=\"og:locale\" content=\"de_DE\" \/>\n<meta property=\"og:type\" content=\"article\" \/>\n<meta property=\"og:title\" content=\"Kontakt - Sromicki \u00dcbersetzungen Polnisch Deutsch\" \/>\n<meta property=\"og:description\" content=\"Willkommen bei Tomasz Sromicki, Ihrem erfahrenen staatlich gepr\u00fcften und gerichtlich beeidigten \u00dcbersetzer f\u00fcr Polnisch. Erhalten Sie schnelle und professionelle \u00dcbersetzungsdienste f\u00fcr eine Vielzahl von Fachgebieten. Vertrauen Sie auf pr\u00e4zise und zuverl\u00e4ssige \u00dcbersetzungen f\u00fcr rechtliche Dokumente, technische Handb\u00fccher und mehr. Kontaktieren Sie uns noch heute f\u00fcr erstklassigen Service und ma\u00dfgeschneiderte L\u00f6sungen f\u00fcr Ihre \u00dcbersetzungsanforderungen.\" \/>\n<meta property=\"og:url\" content=\"https:\/\/polnisch-deutsch-translation.de\/de\/kontakt\/\" \/>\n<meta property=\"og:site_name\" content=\"Sromicki \u00dcbersetzungen Polnisch Deutsch\" \/>\n<meta property=\"article:modified_time\" content=\"2024-03-24T22:10:29+00:00\" \/>\n<meta property=\"og:image\" content=\"https:\/\/polnisch-deutsch-translation.de\/wp-content\/uploads\/2019\/05\/fountain-pen-1854169_1920.jpg\" \/>\n\t<meta property=\"og:image:width\" content=\"1920\" \/>\n\t<meta property=\"og:image:height\" content=\"690\" \/>\n\t<meta property=\"og:image:type\" content=\"image\/jpeg\" \/>\n<meta name=\"twitter:card\" content=\"summary_large_image\" \/>\n<meta name=\"twitter:label1\" content=\"Gesch\u00e4tzte Lesezeit\" \/>\n\t<meta name=\"twitter:data1\" content=\"1\u00a0Minute\" \/>\n<script type=\"application\/ld+json\" class=\"yoast-schema-graph\">{\"@context\":\"https:\/\/schema.org\",\"@graph\":[{\"@type\":\"WebPage\",\"@id\":\"https:\/\/polnisch-deutsch-translation.de\/kontakt\/\",\"url\":\"https:\/\/polnisch-deutsch-translation.de\/kontakt\/\",\"name\":\"Kontakt - Sromicki \u00dcbersetzungen Polnisch Deutsch\",\"isPartOf\":{\"@id\":\"https:\/\/polnisch-deutsch-translation.de\/de\/#website\"},\"datePublished\":\"2019-05-22T17:32:12+00:00\",\"dateModified\":\"2024-03-24T22:10:29+00:00\",\"description\":\"Willkommen bei Tomasz Sromicki, Ihrem erfahrenen staatlich gepr\u00fcften und gerichtlich beeidigten \u00dcbersetzer f\u00fcr Polnisch. Erhalten Sie schnelle und professionelle \u00dcbersetzungsdienste f\u00fcr eine Vielzahl von Fachgebieten. Vertrauen Sie auf pr\u00e4zise und zuverl\u00e4ssige \u00dcbersetzungen f\u00fcr rechtliche Dokumente, technische Handb\u00fccher und mehr. Kontaktieren Sie uns noch heute f\u00fcr erstklassigen Service und ma\u00dfgeschneiderte L\u00f6sungen f\u00fcr Ihre \u00dcbersetzungsanforderungen.\",\"breadcrumb\":{\"@id\":\"https:\/\/polnisch-deutsch-translation.de\/kontakt\/#breadcrumb\"},\"inLanguage\":\"de\",\"potentialAction\":[{\"@type\":\"ReadAction\",\"target\":[\"https:\/\/polnisch-deutsch-translation.de\/kontakt\/\"]}]},{\"@type\":\"BreadcrumbList\",\"@id\":\"https:\/\/polnisch-deutsch-translation.de\/kontakt\/#breadcrumb\",\"itemListElement\":[{\"@type\":\"ListItem\",\"position\":1,\"name\":\"Startseite\",\"item\":\"https:\/\/polnisch-deutsch-translation.de\/\"},{\"@type\":\"ListItem\",\"position\":2,\"name\":\"Kontakt\"}]},{\"@type\":\"WebSite\",\"@id\":\"https:\/\/polnisch-deutsch-translation.de\/de\/#website\",\"url\":\"https:\/\/polnisch-deutsch-translation.de\/de\/\",\"name\":\"Sromicki \u00dcbersetzungen Polnisch Deutsch\",\"description\":\"Ihr \u00dcbersetzer f\u00fcr Deutsch und Polnisch\",\"publisher\":{\"@id\":\"https:\/\/polnisch-deutsch-translation.de\/de\/#organization\"},\"potentialAction\":[{\"@type\":\"SearchAction\",\"target\":{\"@type\":\"EntryPoint\",\"urlTemplate\":\"https:\/\/polnisch-deutsch-translation.de\/de\/?s={search_term_string}\"},\"query-input\":{\"@type\":\"PropertyValueSpecification\",\"valueRequired\":true,\"valueName\":\"search_term_string\"}}],\"inLanguage\":\"de\"},{\"@type\":\"Organization\",\"@id\":\"https:\/\/polnisch-deutsch-translation.de\/de\/#organization\",\"name\":\"Sromicki \u00dcbersetzungen\",\"url\":\"https:\/\/polnisch-deutsch-translation.de\/de\/\",\"logo\":{\"@type\":\"ImageObject\",\"inLanguage\":\"de\",\"@id\":\"https:\/\/polnisch-deutsch-translation.de\/de\/#\/schema\/logo\/image\/\",\"url\":\"https:\/\/polnisch-deutsch-translation.de\/wp-content\/uploads\/2019\/05\/fountain-pen-1854169_1920.jpg\",\"contentUrl\":\"https:\/\/polnisch-deutsch-translation.de\/wp-content\/uploads\/2019\/05\/fountain-pen-1854169_1920.jpg\",\"width\":1920,\"height\":690,\"caption\":\"Sromicki \u00dcbersetzungen\"},\"image\":{\"@id\":\"https:\/\/polnisch-deutsch-translation.de\/de\/#\/schema\/logo\/image\/\"}}]}<\/script>\n<!-- \/ Yoast SEO plugin. -->","yoast_head_json":{"title":"Kontakt - Sromicki \u00dcbersetzungen Polnisch Deutsch","description":"Willkommen bei Tomasz Sromicki, Ihrem erfahrenen staatlich gepr\u00fcften und gerichtlich beeidigten \u00dcbersetzer f\u00fcr Polnisch. Erhalten Sie schnelle und professionelle \u00dcbersetzungsdienste f\u00fcr eine Vielzahl von Fachgebieten. Vertrauen Sie auf pr\u00e4zise und zuverl\u00e4ssige \u00dcbersetzungen f\u00fcr rechtliche Dokumente, technische Handb\u00fccher und mehr. Kontaktieren Sie uns noch heute f\u00fcr erstklassigen Service und ma\u00dfgeschneiderte L\u00f6sungen f\u00fcr Ihre \u00dcbersetzungsanforderungen.","robots":{"index":"index","follow":"follow","max-snippet":"max-snippet:-1","max-image-preview":"max-image-preview:large","max-video-preview":"max-video-preview:-1"},"canonical":"https:\/\/polnisch-deutsch-translation.de\/de\/kontakt\/","og_locale":"de_DE","og_type":"article","og_title":"Kontakt - Sromicki \u00dcbersetzungen Polnisch Deutsch","og_description":"Willkommen bei Tomasz Sromicki, Ihrem erfahrenen staatlich gepr\u00fcften und gerichtlich beeidigten \u00dcbersetzer f\u00fcr Polnisch. Erhalten Sie schnelle und professionelle \u00dcbersetzungsdienste f\u00fcr eine Vielzahl von Fachgebieten. Vertrauen Sie auf pr\u00e4zise und zuverl\u00e4ssige \u00dcbersetzungen f\u00fcr rechtliche Dokumente, technische Handb\u00fccher und mehr. Kontaktieren Sie uns noch heute f\u00fcr erstklassigen Service und ma\u00dfgeschneiderte L\u00f6sungen f\u00fcr Ihre \u00dcbersetzungsanforderungen.","og_url":"https:\/\/polnisch-deutsch-translation.de\/de\/kontakt\/","og_site_name":"Sromicki \u00dcbersetzungen Polnisch Deutsch","article_modified_time":"2024-03-24T22:10:29+00:00","og_image":[{"width":1920,"height":690,"url":"https:\/\/polnisch-deutsch-translation.de\/wp-content\/uploads\/2019\/05\/fountain-pen-1854169_1920.jpg","type":"image\/jpeg"}],"twitter_card":"summary_large_image","twitter_misc":{"Gesch\u00e4tzte Lesezeit":"1\u00a0Minute"},"schema":{"@context":"https:\/\/schema.org","@graph":[{"@type":"WebPage","@id":"https:\/\/polnisch-deutsch-translation.de\/kontakt\/","url":"https:\/\/polnisch-deutsch-translation.de\/kontakt\/","name":"Kontakt - Sromicki \u00dcbersetzungen Polnisch Deutsch","isPartOf":{"@id":"https:\/\/polnisch-deutsch-translation.de\/de\/#website"},"datePublished":"2019-05-22T17:32:12+00:00","dateModified":"2024-03-24T22:10:29+00:00","description":"Willkommen bei Tomasz Sromicki, Ihrem erfahrenen staatlich gepr\u00fcften und gerichtlich beeidigten \u00dcbersetzer f\u00fcr Polnisch. Erhalten Sie schnelle und professionelle \u00dcbersetzungsdienste f\u00fcr eine Vielzahl von Fachgebieten. Vertrauen Sie auf pr\u00e4zise und zuverl\u00e4ssige \u00dcbersetzungen f\u00fcr rechtliche Dokumente, technische Handb\u00fccher und mehr. Kontaktieren Sie uns noch heute f\u00fcr erstklassigen Service und ma\u00dfgeschneiderte L\u00f6sungen f\u00fcr Ihre \u00dcbersetzungsanforderungen.","breadcrumb":{"@id":"https:\/\/polnisch-deutsch-translation.de\/kontakt\/#breadcrumb"},"inLanguage":"de","potentialAction":[{"@type":"ReadAction","target":["https:\/\/polnisch-deutsch-translation.de\/kontakt\/"]}]},{"@type":"BreadcrumbList","@id":"https:\/\/polnisch-deutsch-translation.de\/kontakt\/#breadcrumb","itemListElement":[{"@type":"ListItem","position":1,"name":"Startseite","item":"https:\/\/polnisch-deutsch-translation.de\/"},{"@type":"ListItem","position":2,"name":"Kontakt"}]},{"@type":"WebSite","@id":"https:\/\/polnisch-deutsch-translation.de\/de\/#website","url":"https:\/\/polnisch-deutsch-translation.de\/de\/","name":"Sromicki \u00dcbersetzungen Polnisch Deutsch","description":"Ihr \u00dcbersetzer f\u00fcr Deutsch und Polnisch","publisher":{"@id":"https:\/\/polnisch-deutsch-translation.de\/de\/#organization"},"potentialAction":[{"@type":"SearchAction","target":{"@type":"EntryPoint","urlTemplate":"https:\/\/polnisch-deutsch-translation.de\/de\/?s={search_term_string}"},"query-input":{"@type":"PropertyValueSpecification","valueRequired":true,"valueName":"search_term_string"}}],"inLanguage":"de"},{"@type":"Organization","@id":"https:\/\/polnisch-deutsch-translation.de\/de\/#organization","name":"Sromicki \u00dcbersetzungen","url":"https:\/\/polnisch-deutsch-translation.de\/de\/","logo":{"@type":"ImageObject","inLanguage":"de","@id":"https:\/\/polnisch-deutsch-translation.de\/de\/#\/schema\/logo\/image\/","url":"https:\/\/polnisch-deutsch-translation.de\/wp-content\/uploads\/2019\/05\/fountain-pen-1854169_1920.jpg","contentUrl":"https:\/\/polnisch-deutsch-translation.de\/wp-content\/uploads\/2019\/05\/fountain-pen-1854169_1920.jpg","width":1920,"height":690,"caption":"Sromicki \u00dcbersetzungen"},"image":{"@id":"https:\/\/polnisch-deutsch-translation.de\/de\/#\/schema\/logo\/image\/"}}]}},"_links":{"self":[{"href":"https:\/\/polnisch-deutsch-translation.de\/de\/wp-json\/wp\/v2\/pages\/79"}],"collection":[{"href":"https:\/\/polnisch-deutsch-translation.de\/de\/wp-json\/wp\/v2\/pages"}],"about":[{"href":"https:\/\/polnisch-deutsch-translation.de\/de\/wp-json\/wp\/v2\/types\/page"}],"author":[{"embeddable":true,"href":"https:\/\/polnisch-deutsch-translation.de\/de\/wp-json\/wp\/v2\/users\/1"}],"replies":[{"embeddable":true,"href":"https:\/\/polnisch-deutsch-translation.de\/de\/wp-json\/wp\/v2\/comments?post=79"}],"version-history":[{"count":16,"href":"https:\/\/polnisch-deutsch-translation.de\/de\/wp-json\/wp\/v2\/pages\/79\/revisions"}],"predecessor-version":[{"id":293,"href":"https:\/\/polnisch-deutsch-translation.de\/de\/wp-json\/wp\/v2\/pages\/79\/revisions\/293"}],"wp:attachment":[{"href":"https:\/\/polnisch-deutsch-translation.de\/de\/wp-json\/wp\/v2\/media?parent=79"}],"curies":[{"name":"wp","href":"https:\/\/api.w.org\/{rel}","templated":true}]}}