{"id":26,"date":"2019-05-21T18:42:49","date_gmt":"2019-05-21T18:42:49","guid":{"rendered":"http:\/\/polnisch-deutsch-translation.de\/?page_id=26"},"modified":"2024-04-28T21:13:32","modified_gmt":"2024-04-28T21:13:32","slug":"preise-uebersetzung-polnisch-deutsch","status":"publish","type":"page","link":"https:\/\/polnisch-deutsch-translation.de\/de\/preise-uebersetzung-polnisch-deutsch\/","title":{"rendered":"Preise"},"content":{"rendered":"\n<figure class=\"wp-block-table aligncenter\"><table><tbody><tr><td><strong>Urkunden:<\/strong><\/td><td><strong>Preis<\/strong>:<\/td><\/tr><tr><td>Geburtsurkunde (gek\u00fcrzte Abschrift) <\/td><td>45,00\u20ac<\/td><\/tr><tr><td> Geburtsurkunde (vollst\u00e4ndige Abschrift)  <\/td><td>50,00\u20ac<\/td><\/tr><tr><td>Taufschein <\/td><td>40,00\u20ac<\/td><\/tr><tr><td>Heiratsurkunde  (gek\u00fcrzte Abschrift)  <\/td><td>45,00\u20ac<\/td><\/tr><tr><td> Heiratsurkunde  (vollst\u00e4ndige Abschrift)   <\/td><td>50,00\u20ac<\/td><\/tr><tr><td>Abschrift aus dem Familienbuch<\/td><td>40,00\u20ac<\/td><\/tr><tr><td>Ehef\u00e4higkeitsbescheinigung<\/td><td>50,00\u20ac<\/td><\/tr><tr><td>F\u00fchrerschein<\/td><td>40,00\u20ac<\/td><\/tr><tr><td>Sterbeurkunde<\/td><td>40,00\u20ac<\/td><\/tr><\/tbody><\/table><\/figure>\n\n\n\n<p><strong>Weitere Texte:<\/strong><\/p>\n\n\n\n<p>Beispiele: Schulzeugnis, Reifezeugnis, Arbeitgeberzeugnis, Diplom, Gesellenbrief, Bachelorurkunde, Masterurkunde, Allgemeine Gesch\u00e4ftsbedingungen, Arbeitsvertrag, Ausschreibung, Darlehensvertrag, Firmenprofil, Gesch\u00e4ftskorrespondenz, Amtliche Bescheinigung, Beschluss, Technische Dokumentation etc.<\/p>\n\n\n\n<p><strong>Zeilenpreis<\/strong>:<\/p>\n\n\n\n<p class=\"has-text-align-left\">Preise zwischen 1,00 und 2,00 Euro pro Zeile (55 Anschl\u00e4ge inkl. Leerzeichen) in dem \u00fcbersetzten Text.<\/p>\n","protected":false},"excerpt":{"rendered":"<p>Urkunden: Preis: Geburtsurkunde (gek\u00fcrzte Abschrift) 45,00\u20ac Geburtsurkunde (vollst\u00e4ndige Abschrift) 50,00\u20ac Taufschein 40,00\u20ac Heiratsurkunde (gek\u00fcrzte Abschrift) 45,00\u20ac Heiratsurkunde (vollst\u00e4ndige Abschrift) 50,00\u20ac Abschrift aus dem Familienbuch 40,00\u20ac Ehef\u00e4higkeitsbescheinigung 50,00\u20ac F\u00fchrerschein 40,00\u20ac Sterbeurkunde 40,00\u20ac Weitere Texte: Beispiele: Schulzeugnis, Reifezeugnis, Arbeitgeberzeugnis, Diplom, Gesellenbrief, Bachelorurkunde, Masterurkunde, Allgemeine Gesch\u00e4ftsbedingungen, Arbeitsvertrag, Ausschreibung, Darlehensvertrag, Firmenprofil, Gesch\u00e4ftskorrespondenz, Amtliche Bescheinigung, Beschluss, Technische Dokumentation etc. Zeilenpreis: [&hellip;]<\/p>\n","protected":false},"author":1,"featured_media":0,"parent":0,"menu_order":3,"comment_status":"closed","ping_status":"closed","template":"","meta":{"footnotes":""},"class_list":["post-26","page","type-page","status-publish","hentry","entry"],"yoast_head":"<!-- This site is optimized with the Yoast SEO plugin v23.6 - https:\/\/yoast.com\/wordpress\/plugins\/seo\/ -->\n<title>Preise - Sromicki \u00dcbersetzungen Polnisch Deutsch<\/title>\n<meta name=\"description\" content=\"\u00dcbersetzer, nahe Darmstadt, beglaubigt, Polnisch, Deutsch, Schulzeugnis, Diplom, Geburtsurkunde, Heiratsurkunde, Ehef\u00e4higkeitsbescheinigung\" \/>\n<meta name=\"robots\" content=\"index, follow, max-snippet:-1, max-image-preview:large, max-video-preview:-1\" \/>\n<link rel=\"canonical\" href=\"https:\/\/polnisch-deutsch-translation.de\/de\/preise-uebersetzung-polnisch-deutsch\/\" \/>\n<meta property=\"og:locale\" content=\"de_DE\" \/>\n<meta property=\"og:type\" content=\"article\" \/>\n<meta property=\"og:title\" content=\"Preise - Sromicki \u00dcbersetzungen Polnisch Deutsch\" \/>\n<meta property=\"og:description\" content=\"\u00dcbersetzer, nahe Darmstadt, beglaubigt, Polnisch, Deutsch, Schulzeugnis, Diplom, Geburtsurkunde, Heiratsurkunde, Ehef\u00e4higkeitsbescheinigung\" \/>\n<meta property=\"og:url\" content=\"https:\/\/polnisch-deutsch-translation.de\/de\/preise-uebersetzung-polnisch-deutsch\/\" \/>\n<meta property=\"og:site_name\" content=\"Sromicki \u00dcbersetzungen Polnisch Deutsch\" \/>\n<meta property=\"article:modified_time\" content=\"2024-04-28T21:13:32+00:00\" \/>\n<meta property=\"og:image\" content=\"https:\/\/polnisch-deutsch-translation.de\/wp-content\/uploads\/2019\/05\/fountain-pen-1854169_1920.jpg\" \/>\n\t<meta property=\"og:image:width\" content=\"1920\" \/>\n\t<meta property=\"og:image:height\" content=\"690\" \/>\n\t<meta property=\"og:image:type\" content=\"image\/jpeg\" \/>\n<meta name=\"twitter:card\" content=\"summary_large_image\" \/>\n<meta name=\"twitter:label1\" content=\"Gesch\u00e4tzte Lesezeit\" \/>\n\t<meta name=\"twitter:data1\" content=\"1\u00a0Minute\" \/>\n<script type=\"application\/ld+json\" class=\"yoast-schema-graph\">{\"@context\":\"https:\/\/schema.org\",\"@graph\":[{\"@type\":\"WebPage\",\"@id\":\"https:\/\/polnisch-deutsch-translation.de\/preise-uebersetzung-polnisch-deutsch\/\",\"url\":\"https:\/\/polnisch-deutsch-translation.de\/preise-uebersetzung-polnisch-deutsch\/\",\"name\":\"Preise - Sromicki \u00dcbersetzungen Polnisch Deutsch\",\"isPartOf\":{\"@id\":\"https:\/\/polnisch-deutsch-translation.de\/de\/#website\"},\"datePublished\":\"2019-05-21T18:42:49+00:00\",\"dateModified\":\"2024-04-28T21:13:32+00:00\",\"description\":\"\u00dcbersetzer, nahe Darmstadt, beglaubigt, Polnisch, Deutsch, Schulzeugnis, Diplom, Geburtsurkunde, Heiratsurkunde, Ehef\u00e4higkeitsbescheinigung\",\"breadcrumb\":{\"@id\":\"https:\/\/polnisch-deutsch-translation.de\/preise-uebersetzung-polnisch-deutsch\/#breadcrumb\"},\"inLanguage\":\"de\",\"potentialAction\":[{\"@type\":\"ReadAction\",\"target\":[\"https:\/\/polnisch-deutsch-translation.de\/preise-uebersetzung-polnisch-deutsch\/\"]}]},{\"@type\":\"BreadcrumbList\",\"@id\":\"https:\/\/polnisch-deutsch-translation.de\/preise-uebersetzung-polnisch-deutsch\/#breadcrumb\",\"itemListElement\":[{\"@type\":\"ListItem\",\"position\":1,\"name\":\"Startseite\",\"item\":\"https:\/\/polnisch-deutsch-translation.de\/\"},{\"@type\":\"ListItem\",\"position\":2,\"name\":\"Preise\"}]},{\"@type\":\"WebSite\",\"@id\":\"https:\/\/polnisch-deutsch-translation.de\/de\/#website\",\"url\":\"https:\/\/polnisch-deutsch-translation.de\/de\/\",\"name\":\"Sromicki \u00dcbersetzungen Polnisch Deutsch\",\"description\":\"Ihr \u00dcbersetzer f\u00fcr Deutsch und Polnisch\",\"publisher\":{\"@id\":\"https:\/\/polnisch-deutsch-translation.de\/de\/#organization\"},\"potentialAction\":[{\"@type\":\"SearchAction\",\"target\":{\"@type\":\"EntryPoint\",\"urlTemplate\":\"https:\/\/polnisch-deutsch-translation.de\/de\/?s={search_term_string}\"},\"query-input\":{\"@type\":\"PropertyValueSpecification\",\"valueRequired\":true,\"valueName\":\"search_term_string\"}}],\"inLanguage\":\"de\"},{\"@type\":\"Organization\",\"@id\":\"https:\/\/polnisch-deutsch-translation.de\/de\/#organization\",\"name\":\"Sromicki \u00dcbersetzungen\",\"url\":\"https:\/\/polnisch-deutsch-translation.de\/de\/\",\"logo\":{\"@type\":\"ImageObject\",\"inLanguage\":\"de\",\"@id\":\"https:\/\/polnisch-deutsch-translation.de\/de\/#\/schema\/logo\/image\/\",\"url\":\"https:\/\/polnisch-deutsch-translation.de\/wp-content\/uploads\/2019\/05\/fountain-pen-1854169_1920.jpg\",\"contentUrl\":\"https:\/\/polnisch-deutsch-translation.de\/wp-content\/uploads\/2019\/05\/fountain-pen-1854169_1920.jpg\",\"width\":1920,\"height\":690,\"caption\":\"Sromicki \u00dcbersetzungen\"},\"image\":{\"@id\":\"https:\/\/polnisch-deutsch-translation.de\/de\/#\/schema\/logo\/image\/\"}}]}<\/script>\n<!-- \/ Yoast SEO plugin. -->","yoast_head_json":{"title":"Preise - Sromicki \u00dcbersetzungen Polnisch Deutsch","description":"\u00dcbersetzer, nahe Darmstadt, beglaubigt, Polnisch, Deutsch, Schulzeugnis, Diplom, Geburtsurkunde, Heiratsurkunde, Ehef\u00e4higkeitsbescheinigung","robots":{"index":"index","follow":"follow","max-snippet":"max-snippet:-1","max-image-preview":"max-image-preview:large","max-video-preview":"max-video-preview:-1"},"canonical":"https:\/\/polnisch-deutsch-translation.de\/de\/preise-uebersetzung-polnisch-deutsch\/","og_locale":"de_DE","og_type":"article","og_title":"Preise - Sromicki \u00dcbersetzungen Polnisch Deutsch","og_description":"\u00dcbersetzer, nahe Darmstadt, beglaubigt, Polnisch, Deutsch, Schulzeugnis, Diplom, Geburtsurkunde, Heiratsurkunde, Ehef\u00e4higkeitsbescheinigung","og_url":"https:\/\/polnisch-deutsch-translation.de\/de\/preise-uebersetzung-polnisch-deutsch\/","og_site_name":"Sromicki \u00dcbersetzungen Polnisch Deutsch","article_modified_time":"2024-04-28T21:13:32+00:00","og_image":[{"width":1920,"height":690,"url":"https:\/\/polnisch-deutsch-translation.de\/wp-content\/uploads\/2019\/05\/fountain-pen-1854169_1920.jpg","type":"image\/jpeg"}],"twitter_card":"summary_large_image","twitter_misc":{"Gesch\u00e4tzte Lesezeit":"1\u00a0Minute"},"schema":{"@context":"https:\/\/schema.org","@graph":[{"@type":"WebPage","@id":"https:\/\/polnisch-deutsch-translation.de\/preise-uebersetzung-polnisch-deutsch\/","url":"https:\/\/polnisch-deutsch-translation.de\/preise-uebersetzung-polnisch-deutsch\/","name":"Preise - Sromicki \u00dcbersetzungen Polnisch Deutsch","isPartOf":{"@id":"https:\/\/polnisch-deutsch-translation.de\/de\/#website"},"datePublished":"2019-05-21T18:42:49+00:00","dateModified":"2024-04-28T21:13:32+00:00","description":"\u00dcbersetzer, nahe Darmstadt, beglaubigt, Polnisch, Deutsch, Schulzeugnis, Diplom, Geburtsurkunde, Heiratsurkunde, Ehef\u00e4higkeitsbescheinigung","breadcrumb":{"@id":"https:\/\/polnisch-deutsch-translation.de\/preise-uebersetzung-polnisch-deutsch\/#breadcrumb"},"inLanguage":"de","potentialAction":[{"@type":"ReadAction","target":["https:\/\/polnisch-deutsch-translation.de\/preise-uebersetzung-polnisch-deutsch\/"]}]},{"@type":"BreadcrumbList","@id":"https:\/\/polnisch-deutsch-translation.de\/preise-uebersetzung-polnisch-deutsch\/#breadcrumb","itemListElement":[{"@type":"ListItem","position":1,"name":"Startseite","item":"https:\/\/polnisch-deutsch-translation.de\/"},{"@type":"ListItem","position":2,"name":"Preise"}]},{"@type":"WebSite","@id":"https:\/\/polnisch-deutsch-translation.de\/de\/#website","url":"https:\/\/polnisch-deutsch-translation.de\/de\/","name":"Sromicki \u00dcbersetzungen Polnisch Deutsch","description":"Ihr \u00dcbersetzer f\u00fcr Deutsch und Polnisch","publisher":{"@id":"https:\/\/polnisch-deutsch-translation.de\/de\/#organization"},"potentialAction":[{"@type":"SearchAction","target":{"@type":"EntryPoint","urlTemplate":"https:\/\/polnisch-deutsch-translation.de\/de\/?s={search_term_string}"},"query-input":{"@type":"PropertyValueSpecification","valueRequired":true,"valueName":"search_term_string"}}],"inLanguage":"de"},{"@type":"Organization","@id":"https:\/\/polnisch-deutsch-translation.de\/de\/#organization","name":"Sromicki \u00dcbersetzungen","url":"https:\/\/polnisch-deutsch-translation.de\/de\/","logo":{"@type":"ImageObject","inLanguage":"de","@id":"https:\/\/polnisch-deutsch-translation.de\/de\/#\/schema\/logo\/image\/","url":"https:\/\/polnisch-deutsch-translation.de\/wp-content\/uploads\/2019\/05\/fountain-pen-1854169_1920.jpg","contentUrl":"https:\/\/polnisch-deutsch-translation.de\/wp-content\/uploads\/2019\/05\/fountain-pen-1854169_1920.jpg","width":1920,"height":690,"caption":"Sromicki \u00dcbersetzungen"},"image":{"@id":"https:\/\/polnisch-deutsch-translation.de\/de\/#\/schema\/logo\/image\/"}}]}},"_links":{"self":[{"href":"https:\/\/polnisch-deutsch-translation.de\/de\/wp-json\/wp\/v2\/pages\/26"}],"collection":[{"href":"https:\/\/polnisch-deutsch-translation.de\/de\/wp-json\/wp\/v2\/pages"}],"about":[{"href":"https:\/\/polnisch-deutsch-translation.de\/de\/wp-json\/wp\/v2\/types\/page"}],"author":[{"embeddable":true,"href":"https:\/\/polnisch-deutsch-translation.de\/de\/wp-json\/wp\/v2\/users\/1"}],"replies":[{"embeddable":true,"href":"https:\/\/polnisch-deutsch-translation.de\/de\/wp-json\/wp\/v2\/comments?post=26"}],"version-history":[{"count":11,"href":"https:\/\/polnisch-deutsch-translation.de\/de\/wp-json\/wp\/v2\/pages\/26\/revisions"}],"predecessor-version":[{"id":299,"href":"https:\/\/polnisch-deutsch-translation.de\/de\/wp-json\/wp\/v2\/pages\/26\/revisions\/299"}],"wp:attachment":[{"href":"https:\/\/polnisch-deutsch-translation.de\/de\/wp-json\/wp\/v2\/media?parent=26"}],"curies":[{"name":"wp","href":"https:\/\/api.w.org\/{rel}","templated":true}]}}