{"id":23,"date":"2019-05-21T18:36:48","date_gmt":"2019-05-21T18:36:48","guid":{"rendered":"http:\/\/polnisch-deutsch-translation.de\/?page_id=23"},"modified":"2024-03-24T22:21:37","modified_gmt":"2024-03-24T22:21:37","slug":"vielseitige-uebersetzungsdienste","status":"publish","type":"page","link":"https:\/\/polnisch-deutsch-translation.de\/de\/vielseitige-uebersetzungsdienste\/","title":{"rendered":"Leistungen"},"content":{"rendered":"\n<h4 class=\"wp-block-heading has-medium-font-size\">Fachgebiete<\/h4>\n\n\n\n<ul class=\"has-medium-font-size wp-block-list\">\n<li class=\"has-medium-font-size\"> <strong>Urkunden\u00fcbersetzungen mit Beglaubigung<\/strong>, <\/li>\n\n\n\n<li class=\"has-medium-font-size\">Technische Dokumentation, Software, Softwarelokalisierung, Computeranwendungen, Technik, Wirtschaft, Recht, Bildung, Umwelttechnik, EU-Politik, Maschinen, Anlagen-, Ger\u00e4tebau, Qualit\u00e4tsmanagement, u.v.m.<\/li>\n<\/ul>\n\n\n\n<h4 class=\"wp-block-heading has-medium-font-size\">\u00dcbersetzungen<\/h4>\n\n\n\n<p class=\"has-medium-font-size\"><strong>Alle \u00dcbersetzungen sind mit und ohne Beglaubigung m\u00f6glich<\/strong><\/p>\n\n\n\n<ul class=\"wp-block-list\">\n<li class=\"has-medium-font-size\">Urkunden\u00fcbersetzungen mit Beglaubigung<\/li>\n\n\n\n<li class=\"has-medium-font-size\">Beglaubigte \u00dcbersetzungen von Standesamtsurkunden, Notariatsurkunden und allen amtlichen Dokumenten<\/li>\n\n\n\n<li class=\"has-medium-font-size\">Amtliche Bescheinigungen, Beschl\u00fcsse, Beh\u00f6rdenkorrespondenz<\/li>\n\n\n\n<li class=\"has-medium-font-size\">Beglaubigte \u00dcbersetzungen von Zeugnissen und Diplomen<\/li>\n\n\n\n<li class=\"has-medium-font-size\">Korrekturlesen<\/li>\n\n\n\n<li class=\"has-medium-font-size\">Zeitungsartikel, Zeitungsannoncen<\/li>\n\n\n\n<li class=\"has-medium-font-size\">\u00dcbersetzungen von Bewerbungsunterlagen<\/li>\n\n\n\n<li class=\"has-medium-font-size\">\u00dcbersetzungen privater Schriftst\u00fccke<\/li>\n\n\n\n<li class=\"has-medium-font-size\">u.v.m.<\/li>\n<\/ul>\n\n\n\n<p><\/p>\n","protected":false},"excerpt":{"rendered":"<p>Fachgebiete \u00dcbersetzungen Alle \u00dcbersetzungen sind mit und ohne Beglaubigung m\u00f6glich<\/p>\n","protected":false},"author":1,"featured_media":0,"parent":0,"menu_order":2,"comment_status":"closed","ping_status":"closed","template":"","meta":{"footnotes":""},"class_list":["post-23","page","type-page","status-publish","hentry","entry"],"yoast_head":"<!-- This site is optimized with the Yoast SEO plugin v23.6 - https:\/\/yoast.com\/wordpress\/plugins\/seo\/ -->\n<title>Leistungen - Sromicki \u00dcbersetzungen Polnisch Deutsch<\/title>\n<meta name=\"description\" content=\"Vielseitige \u00dcbersetzungsdienste f\u00fcr Technik, Wirtschaft, Recht und mehr\" \/>\n<meta name=\"robots\" content=\"index, follow, max-snippet:-1, max-image-preview:large, max-video-preview:-1\" \/>\n<link rel=\"canonical\" href=\"https:\/\/polnisch-deutsch-translation.de\/de\/vielseitige-uebersetzungsdienste\/\" \/>\n<meta property=\"og:locale\" content=\"de_DE\" \/>\n<meta property=\"og:type\" content=\"article\" \/>\n<meta property=\"og:title\" content=\"Leistungen - Sromicki \u00dcbersetzungen Polnisch Deutsch\" \/>\n<meta property=\"og:description\" content=\"Vielseitige \u00dcbersetzungsdienste f\u00fcr Technik, Wirtschaft, Recht und mehr\" \/>\n<meta property=\"og:url\" content=\"https:\/\/polnisch-deutsch-translation.de\/de\/vielseitige-uebersetzungsdienste\/\" \/>\n<meta property=\"og:site_name\" content=\"Sromicki \u00dcbersetzungen Polnisch Deutsch\" \/>\n<meta property=\"article:modified_time\" content=\"2024-03-24T22:21:37+00:00\" \/>\n<meta property=\"og:image\" content=\"https:\/\/polnisch-deutsch-translation.de\/wp-content\/uploads\/2019\/05\/fountain-pen-1854169_1920.jpg\" \/>\n\t<meta property=\"og:image:width\" content=\"1920\" \/>\n\t<meta property=\"og:image:height\" content=\"690\" \/>\n\t<meta property=\"og:image:type\" content=\"image\/jpeg\" \/>\n<meta name=\"twitter:card\" content=\"summary_large_image\" \/>\n<meta name=\"twitter:label1\" content=\"Gesch\u00e4tzte Lesezeit\" \/>\n\t<meta name=\"twitter:data1\" content=\"1\u00a0Minute\" \/>\n<script type=\"application\/ld+json\" class=\"yoast-schema-graph\">{\"@context\":\"https:\/\/schema.org\",\"@graph\":[{\"@type\":\"WebPage\",\"@id\":\"https:\/\/polnisch-deutsch-translation.de\/vielseitige-uebersetzungsdienste\/\",\"url\":\"https:\/\/polnisch-deutsch-translation.de\/vielseitige-uebersetzungsdienste\/\",\"name\":\"Leistungen - Sromicki \u00dcbersetzungen Polnisch Deutsch\",\"isPartOf\":{\"@id\":\"https:\/\/polnisch-deutsch-translation.de\/de\/#website\"},\"datePublished\":\"2019-05-21T18:36:48+00:00\",\"dateModified\":\"2024-03-24T22:21:37+00:00\",\"description\":\"Vielseitige \u00dcbersetzungsdienste f\u00fcr Technik, Wirtschaft, Recht und mehr\",\"breadcrumb\":{\"@id\":\"https:\/\/polnisch-deutsch-translation.de\/vielseitige-uebersetzungsdienste\/#breadcrumb\"},\"inLanguage\":\"de\",\"potentialAction\":[{\"@type\":\"ReadAction\",\"target\":[\"https:\/\/polnisch-deutsch-translation.de\/vielseitige-uebersetzungsdienste\/\"]}]},{\"@type\":\"BreadcrumbList\",\"@id\":\"https:\/\/polnisch-deutsch-translation.de\/vielseitige-uebersetzungsdienste\/#breadcrumb\",\"itemListElement\":[{\"@type\":\"ListItem\",\"position\":1,\"name\":\"Startseite\",\"item\":\"https:\/\/polnisch-deutsch-translation.de\/\"},{\"@type\":\"ListItem\",\"position\":2,\"name\":\"Leistungen\"}]},{\"@type\":\"WebSite\",\"@id\":\"https:\/\/polnisch-deutsch-translation.de\/de\/#website\",\"url\":\"https:\/\/polnisch-deutsch-translation.de\/de\/\",\"name\":\"Sromicki \u00dcbersetzungen Polnisch Deutsch\",\"description\":\"Ihr \u00dcbersetzer f\u00fcr Deutsch und Polnisch\",\"publisher\":{\"@id\":\"https:\/\/polnisch-deutsch-translation.de\/de\/#organization\"},\"potentialAction\":[{\"@type\":\"SearchAction\",\"target\":{\"@type\":\"EntryPoint\",\"urlTemplate\":\"https:\/\/polnisch-deutsch-translation.de\/de\/?s={search_term_string}\"},\"query-input\":{\"@type\":\"PropertyValueSpecification\",\"valueRequired\":true,\"valueName\":\"search_term_string\"}}],\"inLanguage\":\"de\"},{\"@type\":\"Organization\",\"@id\":\"https:\/\/polnisch-deutsch-translation.de\/de\/#organization\",\"name\":\"Sromicki \u00dcbersetzungen\",\"url\":\"https:\/\/polnisch-deutsch-translation.de\/de\/\",\"logo\":{\"@type\":\"ImageObject\",\"inLanguage\":\"de\",\"@id\":\"https:\/\/polnisch-deutsch-translation.de\/de\/#\/schema\/logo\/image\/\",\"url\":\"https:\/\/polnisch-deutsch-translation.de\/wp-content\/uploads\/2019\/05\/fountain-pen-1854169_1920.jpg\",\"contentUrl\":\"https:\/\/polnisch-deutsch-translation.de\/wp-content\/uploads\/2019\/05\/fountain-pen-1854169_1920.jpg\",\"width\":1920,\"height\":690,\"caption\":\"Sromicki \u00dcbersetzungen\"},\"image\":{\"@id\":\"https:\/\/polnisch-deutsch-translation.de\/de\/#\/schema\/logo\/image\/\"}}]}<\/script>\n<!-- \/ Yoast SEO plugin. -->","yoast_head_json":{"title":"Leistungen - Sromicki \u00dcbersetzungen Polnisch Deutsch","description":"Vielseitige \u00dcbersetzungsdienste f\u00fcr Technik, Wirtschaft, Recht und mehr","robots":{"index":"index","follow":"follow","max-snippet":"max-snippet:-1","max-image-preview":"max-image-preview:large","max-video-preview":"max-video-preview:-1"},"canonical":"https:\/\/polnisch-deutsch-translation.de\/de\/vielseitige-uebersetzungsdienste\/","og_locale":"de_DE","og_type":"article","og_title":"Leistungen - Sromicki \u00dcbersetzungen Polnisch Deutsch","og_description":"Vielseitige \u00dcbersetzungsdienste f\u00fcr Technik, Wirtschaft, Recht und mehr","og_url":"https:\/\/polnisch-deutsch-translation.de\/de\/vielseitige-uebersetzungsdienste\/","og_site_name":"Sromicki \u00dcbersetzungen Polnisch Deutsch","article_modified_time":"2024-03-24T22:21:37+00:00","og_image":[{"width":1920,"height":690,"url":"https:\/\/polnisch-deutsch-translation.de\/wp-content\/uploads\/2019\/05\/fountain-pen-1854169_1920.jpg","type":"image\/jpeg"}],"twitter_card":"summary_large_image","twitter_misc":{"Gesch\u00e4tzte Lesezeit":"1\u00a0Minute"},"schema":{"@context":"https:\/\/schema.org","@graph":[{"@type":"WebPage","@id":"https:\/\/polnisch-deutsch-translation.de\/vielseitige-uebersetzungsdienste\/","url":"https:\/\/polnisch-deutsch-translation.de\/vielseitige-uebersetzungsdienste\/","name":"Leistungen - Sromicki \u00dcbersetzungen Polnisch Deutsch","isPartOf":{"@id":"https:\/\/polnisch-deutsch-translation.de\/de\/#website"},"datePublished":"2019-05-21T18:36:48+00:00","dateModified":"2024-03-24T22:21:37+00:00","description":"Vielseitige \u00dcbersetzungsdienste f\u00fcr Technik, Wirtschaft, Recht und mehr","breadcrumb":{"@id":"https:\/\/polnisch-deutsch-translation.de\/vielseitige-uebersetzungsdienste\/#breadcrumb"},"inLanguage":"de","potentialAction":[{"@type":"ReadAction","target":["https:\/\/polnisch-deutsch-translation.de\/vielseitige-uebersetzungsdienste\/"]}]},{"@type":"BreadcrumbList","@id":"https:\/\/polnisch-deutsch-translation.de\/vielseitige-uebersetzungsdienste\/#breadcrumb","itemListElement":[{"@type":"ListItem","position":1,"name":"Startseite","item":"https:\/\/polnisch-deutsch-translation.de\/"},{"@type":"ListItem","position":2,"name":"Leistungen"}]},{"@type":"WebSite","@id":"https:\/\/polnisch-deutsch-translation.de\/de\/#website","url":"https:\/\/polnisch-deutsch-translation.de\/de\/","name":"Sromicki \u00dcbersetzungen Polnisch Deutsch","description":"Ihr \u00dcbersetzer f\u00fcr Deutsch und Polnisch","publisher":{"@id":"https:\/\/polnisch-deutsch-translation.de\/de\/#organization"},"potentialAction":[{"@type":"SearchAction","target":{"@type":"EntryPoint","urlTemplate":"https:\/\/polnisch-deutsch-translation.de\/de\/?s={search_term_string}"},"query-input":{"@type":"PropertyValueSpecification","valueRequired":true,"valueName":"search_term_string"}}],"inLanguage":"de"},{"@type":"Organization","@id":"https:\/\/polnisch-deutsch-translation.de\/de\/#organization","name":"Sromicki \u00dcbersetzungen","url":"https:\/\/polnisch-deutsch-translation.de\/de\/","logo":{"@type":"ImageObject","inLanguage":"de","@id":"https:\/\/polnisch-deutsch-translation.de\/de\/#\/schema\/logo\/image\/","url":"https:\/\/polnisch-deutsch-translation.de\/wp-content\/uploads\/2019\/05\/fountain-pen-1854169_1920.jpg","contentUrl":"https:\/\/polnisch-deutsch-translation.de\/wp-content\/uploads\/2019\/05\/fountain-pen-1854169_1920.jpg","width":1920,"height":690,"caption":"Sromicki \u00dcbersetzungen"},"image":{"@id":"https:\/\/polnisch-deutsch-translation.de\/de\/#\/schema\/logo\/image\/"}}]}},"_links":{"self":[{"href":"https:\/\/polnisch-deutsch-translation.de\/de\/wp-json\/wp\/v2\/pages\/23"}],"collection":[{"href":"https:\/\/polnisch-deutsch-translation.de\/de\/wp-json\/wp\/v2\/pages"}],"about":[{"href":"https:\/\/polnisch-deutsch-translation.de\/de\/wp-json\/wp\/v2\/types\/page"}],"author":[{"embeddable":true,"href":"https:\/\/polnisch-deutsch-translation.de\/de\/wp-json\/wp\/v2\/users\/1"}],"replies":[{"embeddable":true,"href":"https:\/\/polnisch-deutsch-translation.de\/de\/wp-json\/wp\/v2\/comments?post=23"}],"version-history":[{"count":9,"href":"https:\/\/polnisch-deutsch-translation.de\/de\/wp-json\/wp\/v2\/pages\/23\/revisions"}],"predecessor-version":[{"id":296,"href":"https:\/\/polnisch-deutsch-translation.de\/de\/wp-json\/wp\/v2\/pages\/23\/revisions\/296"}],"wp:attachment":[{"href":"https:\/\/polnisch-deutsch-translation.de\/de\/wp-json\/wp\/v2\/media?parent=23"}],"curies":[{"name":"wp","href":"https:\/\/api.w.org\/{rel}","templated":true}]}}